{"id":3844,"date":"2024-08-06T03:38:28","date_gmt":"2024-08-06T08:38:28","guid":{"rendered":"https:\/\/scrconsultings.com\/?page_id=3844"},"modified":"2024-08-06T05:45:31","modified_gmt":"2024-08-06T10:45:31","slug":"cookie-privacy-policy","status":"publish","type":"page","link":"https:\/\/scrconsultings.com\/es\/cookie-privacy-policy\/","title":{"rendered":"Pol\u00edtica de Privacidad Cookies"},"content":{"rendered":"<div data-elementor-type=\"wp-page\" data-elementor-id=\"3844\" class=\"elementor elementor-3844\">\n\t\t\t\t\t\t<section class=\"elementor-section elementor-top-section elementor-element elementor-element-1fad6c2 elementor-section-boxed elementor-section-height-default elementor-section-height-default\" data-id=\"1fad6c2\" data-element_type=\"section\" data-e-type=\"section\">\n\t\t\t\t\t\t<div class=\"elementor-container elementor-column-gap-default\">\n\t\t\t\t\t<div class=\"elementor-column elementor-col-100 elementor-top-column elementor-element elementor-element-cfef8fb ot-flex-column-vertical\" data-id=\"cfef8fb\" data-element_type=\"column\" data-e-type=\"column\">\n\t\t\t<div class=\"elementor-widget-wrap elementor-element-populated\">\n\t\t\t\t\t\t<section class=\"elementor-section elementor-inner-section elementor-element elementor-element-b29ca39 elementor-section-full_width elementor-section-height-default elementor-section-height-default\" data-id=\"b29ca39\" data-element_type=\"section\" data-e-type=\"section\">\n\t\t\t\t\t\t<div class=\"elementor-container elementor-column-gap-default\">\n\t\t\t\t\t<div class=\"elementor-column elementor-col-33 elementor-inner-column elementor-element elementor-element-3d04547 ot-flex-column-vertical\" data-id=\"3d04547\" data-element_type=\"column\" data-e-type=\"column\">\n\t\t\t<div class=\"elementor-widget-wrap\">\n\t\t\t\t\t\t\t<\/div>\n\t\t<\/div>\n\t\t\t\t<div class=\"elementor-column elementor-col-33 elementor-inner-column elementor-element elementor-element-ba86566 ot-flex-column-vertical\" data-id=\"ba86566\" data-element_type=\"column\" data-e-type=\"column\">\n\t\t\t<div class=\"elementor-widget-wrap elementor-element-populated\">\n\t\t\t\t\t\t<div class=\"elementor-element elementor-element-4865c99 elementor-widget elementor-widget-iheading\" data-id=\"4865c99\" data-element_type=\"widget\" data-e-type=\"widget\" data-widget_type=\"iheading.default\">\n\t\t\t\t<div class=\"elementor-widget-container\">\n\t\t\t\t\t\t\t<div class=\"ot-heading\">\r\n\t        <span class=\"\">Pol\u00edtica de Cookies<\/span>\t        <h3 class=\"main-head\">\u00bfQu\u00e9 son las cookies?<\/h3>\t    <\/div>\r\n\t    \t\t\t\t<\/div>\n\t\t\t\t<\/div>\n\t\t\t\t<div class=\"elementor-element elementor-element-f714140 elementor-widget elementor-widget-text-editor\" data-id=\"f714140\" data-element_type=\"widget\" data-e-type=\"widget\" data-widget_type=\"text-editor.default\">\n\t\t\t\t<div class=\"elementor-widget-container\">\n\t\t\t\t\t\t\t\t\tLas cookies son peque\u00f1os archivos de texto que se almacenan en tu dispositivo (ordenador, tablet, smartphone, etc.) cuando visitas un sitio web. Las cookies permiten que el sitio web recuerde tus acciones y preferencias (como inicio de sesi\u00f3n, idioma, tama\u00f1o de fuente y otras preferencias de visualizaci\u00f3n) durante un periodo de tiempo, para que no tengas que volver a configurarlas cada vez que regreses al sitio o navegues de una p\u00e1gina a otra.\t\t\t\t\t\t\t\t<\/div>\n\t\t\t\t<\/div>\n\t\t\t\t\t<\/div>\n\t\t<\/div>\n\t\t\t\t<div class=\"elementor-column elementor-col-33 elementor-inner-column elementor-element elementor-element-af5bfe2 ot-flex-column-vertical\" data-id=\"af5bfe2\" data-element_type=\"column\" data-e-type=\"column\">\n\t\t\t<div class=\"elementor-widget-wrap\">\n\t\t\t\t\t\t\t<\/div>\n\t\t<\/div>\n\t\t\t\t\t<\/div>\n\t\t<\/section>\n\t\t\t\t<section class=\"elementor-section elementor-inner-section elementor-element elementor-element-0e107ea elementor-section-full_width elementor-section-height-default elementor-section-height-default\" data-id=\"0e107ea\" data-element_type=\"section\" data-e-type=\"section\">\n\t\t\t\t\t\t<div class=\"elementor-container elementor-column-gap-extended\">\n\t\t\t\t\t<div class=\"elementor-column elementor-col-100 elementor-inner-column elementor-element elementor-element-531351e ot-flex-column-vertical\" data-id=\"531351e\" data-element_type=\"column\" data-e-type=\"column\">\n\t\t\t<div class=\"elementor-widget-wrap elementor-element-populated\">\n\t\t\t\t\t\t<div class=\"elementor-element elementor-element-2e8ff7b elementor-widget elementor-widget-iaccordions\" data-id=\"2e8ff7b\" data-element_type=\"widget\" data-e-type=\"widget\" data-widget_type=\"iaccordions.default\">\n\t\t\t\t<div class=\"elementor-widget-container\">\n\t\t\t\t\t\r\n\t\t<div class=\"ot-accordions\">\r\n\t\t\t\t\t\t<div class=\"acc-item\">\r\n\t\t\t\t<div class=\"acc-toggle flex-middle\" data-default=\"yes\" >\u00bfC\u00f3mo utilizamos las cookies? \r\n\t\t\t\t\t<i class=\"ot-flaticon-arrowsoutline\"><\/i>\r\n\t\t\t\t<\/div>\r\n\t\t\t\t<div class=\"acc-content\">\r\n\t\t\t\t\tUtilizamos cookies para diversos prop\u00f3sitos, que se detallan a continuaci\u00f3n:\t\t\t\t<\/div>\r\n\t\t\t<\/div>\r\n\t\t\t\t\t\t<div class=\"acc-item\">\r\n\t\t\t\t<div class=\"acc-toggle flex-middle\"  >Cookies Necesarias \r\n\t\t\t\t\t<i class=\"ot-flaticon-arrowsoutline\"><\/i>\r\n\t\t\t\t<\/div>\r\n\t\t\t\t<div class=\"acc-content\">\r\n\t\t\t\t\tEstas cookies son esenciales para que el sitio web funcione correctamente y no se pueden desactivar en nuestros sistemas. A menudo se configuran en respuesta a acciones que usted realiza, como configurar sus preferencias de privacidad, iniciar sesi\u00f3n o completar formularios.\t\t\t\t<\/div>\r\n\t\t\t<\/div>\r\n\t\t\t\t\t\t<div class=\"acc-item\">\r\n\t\t\t\t<div class=\"acc-toggle flex-middle\"  >Cookies de Rendimiento \r\n\t\t\t\t\t<i class=\"ot-flaticon-arrowsoutline\"><\/i>\r\n\t\t\t\t<\/div>\r\n\t\t\t\t<div class=\"acc-content\">\r\n\t\t\t\t\tEstas cookies nos permiten contar las visitas y las fuentes de tr\u00e1fico para poder medir y mejorar el rendimiento de nuestro sitio. Nos ayudan a saber qu\u00e9 p\u00e1ginas son las m\u00e1s y las menos populares y a ver c\u00f3mo se mueven los visitantes por el sitio.\t\t\t\t<\/div>\r\n\t\t\t<\/div>\r\n\t\t\t\t\t\t<div class=\"acc-item\">\r\n\t\t\t\t<div class=\"acc-toggle flex-middle\"  >Cookies Funcionales \r\n\t\t\t\t\t<i class=\"ot-flaticon-arrowsoutline\"><\/i>\r\n\t\t\t\t<\/div>\r\n\t\t\t\t<div class=\"acc-content\">\r\n\t\t\t\t\tEstas cookies permiten que el sitio web ofrezca una funcionalidad y personalizaci\u00f3n mejoradas. Pueden ser establecidas por nosotros o por proveedores externos cuyos servicios hemos a\u00f1adido a nuestras p\u00e1ginas.\t\t\t\t<\/div>\r\n\t\t\t<\/div>\r\n\t\t\t\t\t\t<div class=\"acc-item\">\r\n\t\t\t\t<div class=\"acc-toggle flex-middle\"  >Cookies de Publicidad \r\n\t\t\t\t\t<i class=\"ot-flaticon-arrowsoutline\"><\/i>\r\n\t\t\t\t<\/div>\r\n\t\t\t\t<div class=\"acc-content\">\r\n\t\t\t\t\tEstas cookies pueden ser configuradas a trav\u00e9s de nuestro sitio por nuestros socios publicitarios. Estas empresas pueden utilizarlos para crear un perfil de sus intereses y mostrarle anuncios relevantes en otros sitios.\t\t\t\t<\/div>\r\n\t\t\t<\/div>\r\n\t\t\t\t\t\t<div class=\"acc-item\">\r\n\t\t\t\t<div class=\"acc-toggle flex-middle\"  >Gesti\u00f3n de Cookies \r\n\t\t\t\t\t<i class=\"ot-flaticon-arrowsoutline\"><\/i>\r\n\t\t\t\t<\/div>\r\n\t\t\t\t<div class=\"acc-content\">\r\n\t\t\t\t\tPuede configurar su navegador para que bloquee o le avise sobre estas cookies, pero algunas partes del sitio no funcionar\u00e1n correctamente. La forma de gestionar las cookies puede variar seg\u00fan el navegador que utilice. A continuaci\u00f3n proporcionamos enlaces a informaci\u00f3n sobre c\u00f3mo ajustar la configuraci\u00f3n de cookies en los navegadores m\u00e1s populares:\n\nGoogle Chrome,\nMozilla Firefox,\nSafari,\nBorde de Microsoft.\t\t\t\t<\/div>\r\n\t\t\t<\/div>\r\n\t\t\t\t\t\t<div class=\"acc-item\">\r\n\t\t\t\t<div class=\"acc-toggle flex-middle\"  >Cambios en nuestra Pol\u00edtica de Cookies \r\n\t\t\t\t\t<i class=\"ot-flaticon-arrowsoutline\"><\/i>\r\n\t\t\t\t<\/div>\r\n\t\t\t\t<div class=\"acc-content\">\r\n\t\t\t\t\tNos reservamos el derecho de actualizar esta Pol\u00edtica de Cookies en cualquier momento. Cualquier cambio ser\u00e1 publicado en esta p\u00e1gina y, en su caso, notificado por otros medios.\t\t\t\t<\/div>\r\n\t\t\t<\/div>\r\n\t\t\t\t\t\t<div class=\"acc-item\">\r\n\t\t\t\t<div class=\"acc-toggle flex-middle\"  >Contacto \r\n\t\t\t\t\t<i class=\"ot-flaticon-arrowsoutline\"><\/i>\r\n\t\t\t\t<\/div>\r\n\t\t\t\t<div class=\"acc-content\">\r\n\t\t\t\t\tSi tiene alguna duda sobre nuestra Pol\u00edtica de Cookies, puede contactar con nosotros en cookies_admin@scrconsultings.com\t\t\t\t<\/div>\r\n\t\t\t<\/div>\r\n\t\t\t\t    <\/div>\r\n\r\n\t    \t\t\t\t<\/div>\n\t\t\t\t<\/div>\n\t\t\t\t\t<\/div>\n\t\t<\/div>\n\t\t\t\t\t<\/div>\n\t\t<\/section>\n\t\t\t\t\t<\/div>\n\t\t<\/div>\n\t\t\t\t\t<\/div>\n\t\t<\/section>\n\t\t\t\t<\/div>","protected":false},"excerpt":{"rendered":"<p>Cookies policy What Are Cookies? Cookies are small text files that are stored on your device (computer, tablet, smartphone, etc.) when you visit a website. Cookies enable the website to remember your actions and preferences (such as login, language, font size, and other display preferences) over a period of time, so you don\u2019t have to [&hellip;]<\/p>\n","protected":false},"author":1,"featured_media":0,"parent":0,"menu_order":0,"comment_status":"closed","ping_status":"closed","template":"","meta":{"footnotes":""},"class_list":["post-3844","page","type-page","status-publish","hentry"],"yoast_head":"<!-- This site is optimized with the Yoast SEO plugin v27.2 - https:\/\/yoast.com\/product\/yoast-seo-wordpress\/ -->\n<title>Cookie Privacy Policy - SCR Consulting<\/title>\n<meta name=\"robots\" content=\"index, follow, max-snippet:-1, max-image-preview:large, max-video-preview:-1\" \/>\n<link rel=\"canonical\" href=\"https:\/\/scrconsultings.com\/es\/cookie-privacy-policy\/\" \/>\n<meta property=\"og:locale\" content=\"es_ES\" \/>\n<meta property=\"og:type\" content=\"article\" \/>\n<meta property=\"og:title\" content=\"Cookie Privacy Policy - SCR Consulting\" \/>\n<meta property=\"og:url\" content=\"https:\/\/scrconsultings.com\/es\/cookie-privacy-policy\/\" \/>\n<meta property=\"og:site_name\" content=\"SCR Consulting\" \/>\n<meta property=\"article:publisher\" content=\"https:\/\/www.facebook.com\/SCRConsultings\" \/>\n<meta property=\"article:modified_time\" content=\"2024-08-06T10:45:31+00:00\" \/>\n<meta property=\"og:image\" content=\"https:\/\/scrconsultings.com\/wp-content\/uploads\/2024\/07\/logo-scr-consulting-592x236-1.png\" \/>\n\t<meta property=\"og:image:width\" content=\"592\" \/>\n\t<meta property=\"og:image:height\" content=\"236\" \/>\n\t<meta property=\"og:image:type\" content=\"image\/png\" \/>\n<meta name=\"twitter:card\" content=\"summary_large_image\" \/>\n<meta name=\"twitter:label1\" content=\"Tiempo de lectura\" \/>\n\t<meta name=\"twitter:data1\" content=\"2 minutos\" \/>\n<script type=\"application\/ld+json\" class=\"yoast-schema-graph\">{\"@context\":\"https:\/\/schema.org\",\"@graph\":[{\"@type\":\"WebPage\",\"@id\":\"https:\/\/scrconsultings.com\/cookie-privacy-policy\/\",\"url\":\"https:\/\/scrconsultings.com\/cookie-privacy-policy\/\",\"name\":\"Cookie Privacy Policy - SCR Consulting\",\"isPartOf\":{\"@id\":\"https:\/\/scrconsultings.com\/#website\"},\"datePublished\":\"2024-08-06T08:38:28+00:00\",\"dateModified\":\"2024-08-06T10:45:31+00:00\",\"breadcrumb\":{\"@id\":\"https:\/\/scrconsultings.com\/cookie-privacy-policy\/#breadcrumb\"},\"inLanguage\":\"es\",\"potentialAction\":[{\"@type\":\"ReadAction\",\"target\":[\"https:\/\/scrconsultings.com\/cookie-privacy-policy\/\"]}]},{\"@type\":\"BreadcrumbList\",\"@id\":\"https:\/\/scrconsultings.com\/cookie-privacy-policy\/#breadcrumb\",\"itemListElement\":[{\"@type\":\"ListItem\",\"position\":1,\"name\":\"Portada\",\"item\":\"https:\/\/scrconsultings.com\/\"},{\"@type\":\"ListItem\",\"position\":2,\"name\":\"Cookie Privacy Policy\"}]},{\"@type\":\"WebSite\",\"@id\":\"https:\/\/scrconsultings.com\/#website\",\"url\":\"https:\/\/scrconsultings.com\/\",\"name\":\"Scr Consultings\",\"description\":\"Specialized Consulting Firm\",\"publisher\":{\"@id\":\"https:\/\/scrconsultings.com\/#organization\"},\"potentialAction\":[{\"@type\":\"SearchAction\",\"target\":{\"@type\":\"EntryPoint\",\"urlTemplate\":\"https:\/\/scrconsultings.com\/?s={search_term_string}\"},\"query-input\":{\"@type\":\"PropertyValueSpecification\",\"valueRequired\":true,\"valueName\":\"search_term_string\"}}],\"inLanguage\":\"es\"},{\"@type\":\"Organization\",\"@id\":\"https:\/\/scrconsultings.com\/#organization\",\"name\":\"Scr Consultings\",\"url\":\"https:\/\/scrconsultings.com\/\",\"logo\":{\"@type\":\"ImageObject\",\"inLanguage\":\"es\",\"@id\":\"https:\/\/scrconsultings.com\/#\/schema\/logo\/image\/\",\"url\":\"https:\/\/scrconsultings.com\/wp-content\/uploads\/2024\/07\/logo-scr-consulting-592x236-1.png\",\"contentUrl\":\"https:\/\/scrconsultings.com\/wp-content\/uploads\/2024\/07\/logo-scr-consulting-592x236-1.png\",\"width\":592,\"height\":236,\"caption\":\"Scr Consultings\"},\"image\":{\"@id\":\"https:\/\/scrconsultings.com\/#\/schema\/logo\/image\/\"},\"sameAs\":[\"https:\/\/www.facebook.com\/SCRConsultings\",\"https:\/\/www.linkedin.com\/company\/scr-consultings\/\",\"https:\/\/www.youtube.com\/channel\/UCbj63X1Sg-ZnCuWY4rMC5JA\/videos\"]}]}<\/script>\n<!-- \/ Yoast SEO plugin. -->","yoast_head_json":{"title":"Cookie Privacy Policy - SCR Consulting","robots":{"index":"index","follow":"follow","max-snippet":"max-snippet:-1","max-image-preview":"max-image-preview:large","max-video-preview":"max-video-preview:-1"},"canonical":"https:\/\/scrconsultings.com\/es\/cookie-privacy-policy\/","og_locale":"es_ES","og_type":"article","og_title":"Cookie Privacy Policy - SCR Consulting","og_url":"https:\/\/scrconsultings.com\/es\/cookie-privacy-policy\/","og_site_name":"SCR Consulting","article_publisher":"https:\/\/www.facebook.com\/SCRConsultings","article_modified_time":"2024-08-06T10:45:31+00:00","og_image":[{"width":592,"height":236,"url":"https:\/\/scrconsultings.com\/wp-content\/uploads\/2024\/07\/logo-scr-consulting-592x236-1.png","type":"image\/png"}],"twitter_card":"summary_large_image","twitter_misc":{"Tiempo de lectura":"2 minutos"},"schema":{"@context":"https:\/\/schema.org","@graph":[{"@type":"WebPage","@id":"https:\/\/scrconsultings.com\/cookie-privacy-policy\/","url":"https:\/\/scrconsultings.com\/cookie-privacy-policy\/","name":"Cookie Privacy Policy - SCR Consulting","isPartOf":{"@id":"https:\/\/scrconsultings.com\/#website"},"datePublished":"2024-08-06T08:38:28+00:00","dateModified":"2024-08-06T10:45:31+00:00","breadcrumb":{"@id":"https:\/\/scrconsultings.com\/cookie-privacy-policy\/#breadcrumb"},"inLanguage":"es","potentialAction":[{"@type":"ReadAction","target":["https:\/\/scrconsultings.com\/cookie-privacy-policy\/"]}]},{"@type":"BreadcrumbList","@id":"https:\/\/scrconsultings.com\/cookie-privacy-policy\/#breadcrumb","itemListElement":[{"@type":"ListItem","position":1,"name":"Portada","item":"https:\/\/scrconsultings.com\/"},{"@type":"ListItem","position":2,"name":"Cookie Privacy Policy"}]},{"@type":"WebSite","@id":"https:\/\/scrconsultings.com\/#website","url":"https:\/\/scrconsultings.com\/","name":"Scr Consultings","description":"Specialized Consulting Firm","publisher":{"@id":"https:\/\/scrconsultings.com\/#organization"},"potentialAction":[{"@type":"SearchAction","target":{"@type":"EntryPoint","urlTemplate":"https:\/\/scrconsultings.com\/?s={search_term_string}"},"query-input":{"@type":"PropertyValueSpecification","valueRequired":true,"valueName":"search_term_string"}}],"inLanguage":"es"},{"@type":"Organization","@id":"https:\/\/scrconsultings.com\/#organization","name":"Scr Consultings","url":"https:\/\/scrconsultings.com\/","logo":{"@type":"ImageObject","inLanguage":"es","@id":"https:\/\/scrconsultings.com\/#\/schema\/logo\/image\/","url":"https:\/\/scrconsultings.com\/wp-content\/uploads\/2024\/07\/logo-scr-consulting-592x236-1.png","contentUrl":"https:\/\/scrconsultings.com\/wp-content\/uploads\/2024\/07\/logo-scr-consulting-592x236-1.png","width":592,"height":236,"caption":"Scr Consultings"},"image":{"@id":"https:\/\/scrconsultings.com\/#\/schema\/logo\/image\/"},"sameAs":["https:\/\/www.facebook.com\/SCRConsultings","https:\/\/www.linkedin.com\/company\/scr-consultings\/","https:\/\/www.youtube.com\/channel\/UCbj63X1Sg-ZnCuWY4rMC5JA\/videos"]}]}},"_links":{"self":[{"href":"https:\/\/scrconsultings.com\/es\/wp-json\/wp\/v2\/pages\/3844","targetHints":{"allow":["GET"]}}],"collection":[{"href":"https:\/\/scrconsultings.com\/es\/wp-json\/wp\/v2\/pages"}],"about":[{"href":"https:\/\/scrconsultings.com\/es\/wp-json\/wp\/v2\/types\/page"}],"author":[{"embeddable":true,"href":"https:\/\/scrconsultings.com\/es\/wp-json\/wp\/v2\/users\/1"}],"replies":[{"embeddable":true,"href":"https:\/\/scrconsultings.com\/es\/wp-json\/wp\/v2\/comments?post=3844"}],"version-history":[{"count":0,"href":"https:\/\/scrconsultings.com\/es\/wp-json\/wp\/v2\/pages\/3844\/revisions"}],"wp:attachment":[{"href":"https:\/\/scrconsultings.com\/es\/wp-json\/wp\/v2\/media?parent=3844"}],"curies":[{"name":"wp","href":"https:\/\/api.w.org\/{rel}","templated":true}]}}